{"id":6741,"date":"2023-11-24T10:12:29","date_gmt":"2023-11-24T10:12:29","guid":{"rendered":"http:\/\/34.84.104.11\/?page_id=6741"},"modified":"2024-01-23T01:36:40","modified_gmt":"2024-01-23T01:36:40","slug":"careers","status":"publish","type":"page","link":"http:\/\/34.84.104.11\/es\/careers\/","title":{"rendered":"Carreras"},"content":{"rendered":"","protected":false},"excerpt":{"rendered":"","protected":false},"author":16,"featured_media":7407,"parent":0,"menu_order":0,"comment_status":"closed","ping_status":"closed","template":"","meta":{"_acf_changed":false,"_seopress_robots_primary_cat":"","_seopress_titles_title":"Join Our Team  | CaSE International","_seopress_titles_desc":"As a global company, CaSE is committed to increasing diversity and the representation of women in the construction and engineering industry across the world.","_seopress_robots_index":"","_seopress_analysis_target_kw":"Career,Join Our Team","footnotes":""},"class_list":["post-6741","page","type-page","status-publish","has-post-thumbnail","hentry"],"acf":{"header_section":{"heading":"Careers","sub_heading":"Shape the future of infrastructure and engineering with us"},"our_people_section":{"title":"<span><span>Nuestro<\/span> <span>personas<\/span><\/span> <span><span>son<\/span> <span>nuestro<\/span> <span style=\"color: #f36f2b\">m\u00e1s fuerte<\/span> <span style=\"color: #f36f2b\">pilar<\/span><\/span>","description":"We are on a trajectory of continued expansion, both in Australia and around the world. We invite engineers with a shared vision to be a part of our journey.\r\n\r\nOur people are our strongest pillar. Becoming a part of our team means joining a closely connected group of engineering experts who back each other in every endeavor.","button_name":"OPEN ROLES","button_link":{"title":"Carreras","url":"http:\/\/34.84.104.11\/available-positions\/","target":""}},"who_we_are_section":{"title":"Qui\u00e9n nosotros <span>son<\/span>","description":"We pride ourselves on being a family-focused, engineering-led collective, facilitating significant infrastructure projects around the globe.\r\n\r\nKnown for our ability to advance stalled projects and navigate large-scale, complex initiatives, we tailor our solutions to meet the diverse needs of our clients in different regions of the world.\r\n\r\nThere when you need us, we have earned a strong reputation based on our technical expertise, and collaborative approach, making us a reliable partner in times of high demand and fluctuating workloads. Within the CaSE Group, we offer four specialist practice areas:","image":7247},"our_vision":{"title":"Nuestro <span>Visi\u00f3n<\/span>","description":"Empoderar a nuestros socios para dar forma al futuro, innovar continuamente y fomentar colaboraciones que dejen un legado duradero en el \u00e1mbito de la infraestructura.","first_image":6783,"first_image_copy":7281},"our_people":{"title":"Nuestro <span>Personas<\/span>","description":"The competence and resilience of our people serve as a backbone for the legacy we are building.\r\n\r\nEvery individual plays an essential role and is not just a face in the crowd, but a pivotal element in our shared success. All our CaSE engineers enjoy the thrill of solving complex problems on some of the world\u2019s biggest infrastructure projects, and we know you will too.\r\n\r\nVisit our Team page to learn more about the team you\u2019ll join forces with when you join the CaSE team.","first_image":7405,"second_image":7291,"button_name":"Learn more","button_link":{"title":"Nuestra gente","url":"http:\/\/34.84.104.11\/team","target":""}},"our_culture":{"title":"Nuestro <span>Cultura<\/span>","description":"We tackle industry-leading projects with a team of professionals who leave a lasting impact on their projects and colleagues. Our team thrives on a culture rooted in collective admiration and cooperation, ensuring everyone collaborates to deliver unparalleled outcomes for both peers and partners.\r\n\r\nWe also love to make time to stop and celebrate our client and our team\u2019s success along the way.","first_image":7251,"second_image":7250},"our_projects":{"title":"Nuestro <span>Proyectos<\/span>","description":"Whether it's design, construction or traffic management, CaSE offers unparalleled expertise and support at every stage of the project lifecycle across multiple sectors such as Bridge, Rail, Road, Tunnel and Airport. We specialise in solving the most complex problems when others can't, making us a reliable partner in times of high demand and fluctuating workloads.\r\n\r\nVisit our Projects page here to learn more about the types of projects you will be working on when you join the CaSE team.","first_image":7121,"project_second_image":7282,"button_name":"Learn more","button_link":{"title":"Project Archive","url":"http:\/\/34.84.104.11\/projects\/","target":""}},"our_benefit":{"title":"<span><span style=\"color: #fff\">Nuestro<\/span><\/span> <span><span style=\"color: #f36f2b\">Beneficios<\/span><\/span>","content":"Nuestro compromiso con el \u00e9xito se extiende mucho m\u00e1s all\u00e1 de los logros del proyecto: se encuentra en el coraz\u00f3n de nuestra inversi\u00f3n en las personas. Desde iniciativas de tutor\u00eda hasta oportunidades de aprendizaje continuo, apoyo a la salud mental y medidas proactivas para abordar los desaf\u00edos econ\u00f3micos, nuestro enfoque en nuestro equipo constituye la piedra angular de la experiencia CaSE. Visita nuestra p\u00e1gina de beneficios y conoce m\u00e1s sobre nuestras iniciativas.","button_name":"LEARN MORE","button_link":{"title":"Beneficios","url":"http:\/\/34.84.104.11\/benefits\/","target":""}},"work_at_case":{"title":"<span><span style=\"color: #fff\">Trabajar<\/span><\/span> <span><span style=\"color: #f36f2b\">en<\/span> <span style=\"color: #f36f2b\">Caso<\/span><\/span>","content":"En CaSE, la diversidad no s\u00f3lo se acoge; se celebra. Como empleador que ofrece igualdad de oportunidades, celebramos las diferencias y reconocemos las contribuciones \u00fanicas de nuestra fuerza laboral global con m\u00e1s de 20 nacionalidades. Nuestro compromiso se extiende m\u00e1s all\u00e1 de la ret\u00f3rica y abarca iniciativas estrat\u00e9gicas, desde contrataci\u00f3n imparcial hasta programas educativos personalizados y dise\u00f1ados. Nuestro equipo conectado se mantiene a la vanguardia a trav\u00e9s de actualizaciones trimestrales, eventos de la industria y asociaciones estrat\u00e9gicas para garantizar el crecimiento profesional en un panorama de ingenier\u00eda en constante evoluci\u00f3n.","button_nmae":"LEARN MORE","button_link":{"title":"El Grupo Case","url":"http:\/\/34.84.104.11\/the-case-group\/","target":""}}},"_links":{"self":[{"href":"http:\/\/34.84.104.11\/es\/wp-json\/wp\/v2\/pages\/6741","targetHints":{"allow":["GET"]}}],"collection":[{"href":"http:\/\/34.84.104.11\/es\/wp-json\/wp\/v2\/pages"}],"about":[{"href":"http:\/\/34.84.104.11\/es\/wp-json\/wp\/v2\/types\/page"}],"author":[{"embeddable":true,"href":"http:\/\/34.84.104.11\/es\/wp-json\/wp\/v2\/users\/16"}],"replies":[{"embeddable":true,"href":"http:\/\/34.84.104.11\/es\/wp-json\/wp\/v2\/comments?post=6741"}],"version-history":[{"count":93,"href":"http:\/\/34.84.104.11\/es\/wp-json\/wp\/v2\/pages\/6741\/revisions"}],"predecessor-version":[{"id":7476,"href":"http:\/\/34.84.104.11\/es\/wp-json\/wp\/v2\/pages\/6741\/revisions\/7476"}],"wp:featuredmedia":[{"embeddable":true,"href":"http:\/\/34.84.104.11\/es\/wp-json\/wp\/v2\/media\/7407"}],"wp:attachment":[{"href":"http:\/\/34.84.104.11\/es\/wp-json\/wp\/v2\/media?parent=6741"}],"curies":[{"name":"wp","href":"https:\/\/api.w.org\/{rel}","templated":true}]}}